{"id":763,"date":"2022-08-31T17:04:25","date_gmt":"2022-08-31T17:04:25","guid":{"rendered":"https:\/\/institutdebeauterenaissance.com\/masajes\/"},"modified":"2022-09-16T19:28:28","modified_gmt":"2022-09-16T19:28:28","slug":"masajes","status":"publish","type":"page","link":"https:\/\/institutdebeauterenaissance.com\/es\/masajes\/","title":{"rendered":"Masajes"},"content":{"rendered":"\t\t<div data-elementor-type=\"wp-page\" data-elementor-id=\"763\" class=\"elementor elementor-763 elementor-260\" data-elementor-post-type=\"page\">\n\t\t\t\t<div class=\"elementor-element elementor-element-8708fa9 e-flex e-con-boxed e-con e-parent\" data-id=\"8708fa9\" data-element_type=\"container\" data-e-type=\"container\" data-settings=\"{&quot;background_background&quot;:&quot;classic&quot;}\">\n\t\t\t\t\t<div class=\"e-con-inner\">\n\t\t\t\t<div class=\"elementor-element elementor-element-fb49e3e elementor-widget elementor-widget-heading\" data-id=\"fb49e3e\" data-element_type=\"widget\" data-e-type=\"widget\" data-widget_type=\"heading.default\">\n\t\t\t\t<div class=\"elementor-widget-container\">\n\t\t\t\t\t<h1 class=\"elementor-heading-title elementor-size-default\">Masoterapia y <br>tratamientos quiropr\u00e1cticos<\/h1>\t\t\t\t<\/div>\n\t\t\t\t<\/div>\n\t\t\t\t\t<\/div>\n\t\t\t\t<\/div>\n\t\t<div class=\"elementor-element elementor-element-e60190d e-flex e-con-boxed e-con e-parent\" data-id=\"e60190d\" data-element_type=\"container\" data-e-type=\"container\" data-settings=\"{&quot;background_background&quot;:&quot;classic&quot;}\">\n\t\t\t\t\t<div class=\"e-con-inner\">\n\t\t<div class=\"elementor-element elementor-element-f0600b5 e-con-full e-flex e-con e-parent\" data-id=\"f0600b5\" data-element_type=\"container\" data-e-type=\"container\">\n\t\t\t\t<div class=\"elementor-element elementor-element-9e3b7a1 elementor-widget elementor-widget-heading\" data-id=\"9e3b7a1\" data-element_type=\"widget\" data-e-type=\"widget\" data-widget_type=\"heading.default\">\n\t\t\t\t<div class=\"elementor-widget-container\">\n\t\t\t\t\t<h2 class=\"elementor-heading-title elementor-size-default\">Tratamiento quiropr\u00e1ctico<\/h2>\t\t\t\t<\/div>\n\t\t\t\t<\/div>\n\t\t\t\t<div class=\"elementor-element elementor-element-7b099ab elementor-widget elementor-widget-text-editor\" data-id=\"7b099ab\" data-element_type=\"widget\" data-e-type=\"widget\" data-widget_type=\"text-editor.default\">\n\t\t\t\t<div class=\"elementor-widget-container\">\n\t\t\t\t\t\t\t\t\t<p>La quiropr\u00e1ctica es un arte, una filosof\u00eda y una ciencia. Se trata de un enfoque natural de la salud que pretende optimizar todo el sistema neuromusculoesquel\u00e9tico. Trata el cuerpo humano como un todo. Los tratamientos se llevan a cabo mediante la manipulaci\u00f3n de la columna vertebral sin el uso de medicamentos. La quiropr\u00e1ctica no se centra \u00fanicamente en los s\u00edntomas, sino que busca identificar y tratar la causa del problema.<\/p>\n\t\t\t\t\t\t\t\t<\/div>\n\t\t\t\t<\/div>\n\t\t\t\t<\/div>\n\t\t<div class=\"elementor-element elementor-element-1f24821 e-con-full e-flex e-con e-parent\" data-id=\"1f24821\" data-element_type=\"container\" data-e-type=\"container\">\n\t\t\t\t<div class=\"elementor-element elementor-element-265475e elementor-widget elementor-widget-heading\" data-id=\"265475e\" data-element_type=\"widget\" data-e-type=\"widget\" data-widget_type=\"heading.default\">\n\t\t\t\t<div class=\"elementor-widget-container\">\n\t\t\t\t\t<h2 class=\"elementor-heading-title elementor-size-default\">Masajes terap\u00e9uticos<\/h2>\t\t\t\t<\/div>\n\t\t\t\t<\/div>\n\t\t\t\t<div class=\"elementor-element elementor-element-4d23bef elementor-widget elementor-widget-text-editor\" data-id=\"4d23bef\" data-element_type=\"widget\" data-e-type=\"widget\" data-widget_type=\"text-editor.default\">\n\t\t\t\t<div class=\"elementor-widget-container\">\n\t\t\t\t\t\t\t\t\t<p><strong>Masaje reparador, sueco y terap\u00e9utico.<\/strong><\/p>\n<p>El masaje reparador es una combinaci\u00f3n de masaje sueco y masaje de tejido profundo.<\/p>\n<p>Los puntos gatillo se aplican con estiramientos, lo que rompe la tensi\u00f3n y aumenta la circulaci\u00f3n sangu\u00ednea. (El uso de aceite de aromaterapia es una parte integral del masaje reparador).<\/p>\n<p>Los beneficios son muchos. Energ\u00eda renovada, menos estr\u00e9s y m\u00e1s movilidad. Este masaje, al igual que el masaje sueco, funciona bien en sinergia con otros tratamientos naturales.<\/p>\n\t\t\t\t\t\t\t\t<\/div>\n\t\t\t\t<\/div>\n\t\t\t\t<\/div>\n\t\t\t\t\t<\/div>\n\t\t\t\t<\/div>\n\t\t<div class=\"elementor-element elementor-element-6e3c9a4b e-con-full e-flex e-con e-parent\" data-id=\"6e3c9a4b\" data-element_type=\"container\" data-e-type=\"container\" data-settings=\"{&quot;background_background&quot;:&quot;classic&quot;}\">\n\t\t<div class=\"elementor-element elementor-element-226a356a e-con-full e-flex e-con e-parent\" data-id=\"226a356a\" data-element_type=\"container\" data-e-type=\"container\" data-settings=\"{&quot;background_background&quot;:&quot;classic&quot;}\">\n\t\t\t\t<div class=\"elementor-element elementor-element-4421ccef elementor-widget elementor-widget-heading\" data-id=\"4421ccef\" data-element_type=\"widget\" data-e-type=\"widget\" data-widget_type=\"heading.default\">\n\t\t\t\t<div class=\"elementor-widget-container\">\n\t\t\t\t\t<h2 class=\"elementor-heading-title elementor-size-default\">Cont\u00e1ctenos para una consulta<\/h2>\t\t\t\t<\/div>\n\t\t\t\t<\/div>\n\t\t\t\t<div class=\"elementor-element elementor-element-6a68e003 elementor-align-center elementor-widget elementor-widget-button\" data-id=\"6a68e003\" data-element_type=\"widget\" data-e-type=\"widget\" data-widget_type=\"button.default\">\n\t\t\t\t<div class=\"elementor-widget-container\">\n\t\t\t\t\t\t\t\t\t<div class=\"elementor-button-wrapper\">\n\t\t\t\t\t<a class=\"elementor-button elementor-button-link elementor-size-sm\" href=\"https:\/\/institutdebeauterenaissance.com\/demo\/es\/contacto\/\">\n\t\t\t\t\t\t<span class=\"elementor-button-content-wrapper\">\n\t\t\t\t\t\t\t\t\t<span class=\"elementor-button-text\">CONT\u00c1CTENOS<\/span>\n\t\t\t\t\t<\/span>\n\t\t\t\t\t<\/a>\n\t\t\t\t<\/div>\n\t\t\t\t\t\t\t\t<\/div>\n\t\t\t\t<\/div>\n\t\t\t\t<\/div>\n\t\t<div class=\"elementor-element elementor-element-746ad237 e-con-full e-flex e-con e-parent\" data-id=\"746ad237\" data-element_type=\"container\" data-e-type=\"container\">\n\t\t\t\t<\/div>\n\t\t\t\t<\/div>\n\t\t\t\t<\/div>\n\t\t","protected":false},"excerpt":{"rendered":"<p>Masoterapia y tratamientos quiropr\u00e1cticos Tratamiento quiropr\u00e1ctico La quiropr\u00e1ctica es un arte, una filosof\u00eda y una ciencia. Se trata de un enfoque natural de la salud que pretende optimizar todo el sistema neuromusculoesquel\u00e9tico. Trata el cuerpo humano como un todo. Los tratamientos se llevan a cabo mediante la manipulaci\u00f3n de la columna vertebral sin el uso &#8230; <a title=\"Masajes\" class=\"read-more\" href=\"https:\/\/institutdebeauterenaissance.com\/es\/masajes\/\" aria-label=\"Leer m\u00e1s sobre Masajes\">Leer m\u00e1s<\/a><\/p>\n","protected":false},"author":1,"featured_media":0,"parent":0,"menu_order":0,"comment_status":"closed","ping_status":"closed","template":"elementor_header_footer","meta":{"_seopress_robots_primary_cat":"","_seopress_titles_title":"","_seopress_titles_desc":"","_seopress_robots_index":"","footnotes":""},"class_list":["post-763","page","type-page","status-publish"],"_links":{"self":[{"href":"https:\/\/institutdebeauterenaissance.com\/es\/wp-json\/wp\/v2\/pages\/763","targetHints":{"allow":["GET"]}}],"collection":[{"href":"https:\/\/institutdebeauterenaissance.com\/es\/wp-json\/wp\/v2\/pages"}],"about":[{"href":"https:\/\/institutdebeauterenaissance.com\/es\/wp-json\/wp\/v2\/types\/page"}],"author":[{"embeddable":true,"href":"https:\/\/institutdebeauterenaissance.com\/es\/wp-json\/wp\/v2\/users\/1"}],"replies":[{"embeddable":true,"href":"https:\/\/institutdebeauterenaissance.com\/es\/wp-json\/wp\/v2\/comments?post=763"}],"version-history":[{"count":0,"href":"https:\/\/institutdebeauterenaissance.com\/es\/wp-json\/wp\/v2\/pages\/763\/revisions"}],"wp:attachment":[{"href":"https:\/\/institutdebeauterenaissance.com\/es\/wp-json\/wp\/v2\/media?parent=763"}],"curies":[{"name":"wp","href":"https:\/\/api.w.org\/{rel}","templated":true}]}}